{"id":266,"date":"2022-08-22T04:27:57","date_gmt":"2022-08-22T04:27:57","guid":{"rendered":"https:\/\/arts.sun.ac.za\/?page_id=266"},"modified":"2024-11-01T07:24:41","modified_gmt":"2024-11-01T07:24:41","slug":"undergraduate","status":"publish","type":"page","link":"https:\/\/arts.sun.ac.za\/af\/undergraduate","title":{"rendered":"Undergraduate"},"content":{"rendered":"<p>[et_pb_section fb_built=&#8221;1&#8243; custom_padding_last_edited=&#8221;on|desktop&#8221; admin_label=&#8221;Header&#8221; _builder_version=&#8221;4.9.10&#8243; background_image=&#8221;https:\/\/arts.sun.ac.za\/files\/2022\/08\/UG.jpg&#8221; parallax=&#8221;on&#8221; module_alignment=&#8221;center&#8221; min_height=&#8221;500px&#8221; custom_margin=&#8221;||||false|true&#8221; custom_margin_tablet=&#8221;&#8221; custom_margin_phone=&#8221;20px|20px||20px|false|true&#8221; custom_margin_last_edited=&#8221;on|desktop&#8221; custom_padding=&#8221;58px||0px||false|false&#8221; custom_padding_tablet=&#8221;40px||||false|false&#8221; custom_padding_phone=&#8221;&#8221; bottom_divider_color=&#8221;#FFFFFF&#8221; bottom_divider_height=&#8221;120px&#8221; bottom_divider_flip=&#8221;horizontal&#8221; border_radii_phone=&#8221;on|20px|20px|20px|20px&#8221; border_radii_last_edited=&#8221;off|desktop&#8221;][et_pb_row column_structure=&#8221;1_2,1_2&#8243; custom_padding_last_edited=&#8221;on|desktop&#8221; _builder_version=&#8221;4.9.10&#8243; background_enable_color=&#8221;off&#8221; background_enable_image=&#8221;off&#8221; parallax=&#8221;on&#8221; transform_scale_tablet=&#8221;&#8221; transform_scale_phone=&#8221;&#8221; transform_scale_last_edited=&#8221;on|desktop&#8221; transform_translate=&#8221;30px|0px&#8221; transform_translate_tablet=&#8221;0px|0px&#8221; transform_translate_phone=&#8221;&#8221; transform_translate_last_edited=&#8221;on|tablet&#8221; transform_translate_linked=&#8221;off&#8221; transform_rotate_tablet=&#8221;&#8221; transform_rotate_phone=&#8221;&#8221; transform_rotate_last_edited=&#8221;on|desktop&#8221; transform_skew_tablet=&#8221;&#8221; transform_skew_phone=&#8221;&#8221; transform_skew_last_edited=&#8221;on|desktop&#8221; transform_origin_tablet=&#8221;&#8221; transform_origin_phone=&#8221;&#8221; transform_origin_last_edited=&#8221;on|desktop&#8221; transform_styles_last_edited=&#8221;on|tablet&#8221; width_tablet=&#8221;90%&#8221; width_phone=&#8221;&#8221; width_last_edited=&#8221;on|desktop&#8221; custom_margin=&#8221;||||false|false&#8221; custom_padding=&#8221;||||true|true&#8221; custom_padding_tablet=&#8221;60px||60px||true|true&#8221; custom_padding_phone=&#8221;40px|20px|40px|20px|true|true&#8221; transform_styles_tablet=&#8221;&#8221; transform_styles_phone=&#8221;&#8221; border_radii_phone=&#8221;off|8px|8px||&#8221; border_radii_last_edited=&#8221;off|desktop&#8221;][et_pb_column type=&#8221;1_2&#8243; _builder_version=&#8221;4.9.10&#8243; use_background_color_gradient=&#8221;on&#8221; background_color_gradient_start=&#8221;rgba(12,11,11,0.6)&#8221; background_color_gradient_end=&#8221;rgba(12,11,11,0.6)&#8221; background_color_gradient_overlays_image=&#8221;on&#8221; custom_padding=&#8221;40px|40px|40px|40px|true|true&#8221; border_radii=&#8221;off|||60px|20px&#8221;][et_pb_text _builder_version=&#8221;4.9.10&#8243; text_font=&#8221;|600|||||||&#8221; text_text_color=&#8221;#FFFFFF&#8221; text_font_size=&#8221;17px&#8221; text_line_height=&#8221;1.8em&#8221; header_font=&#8221;|700|||||||&#8221; header_font_size=&#8221;48px&#8221; header_line_height=&#8221;1.2em&#8221; header_2_text_color=&#8221;#FFFFFF&#8221; max_width_last_edited=&#8221;off|desktop&#8221; text_font_size_tablet=&#8221;&#8221; text_font_size_phone=&#8221;15px&#8221; text_font_size_last_edited=&#8221;on|desktop&#8221; header_font_size_tablet=&#8221;40px&#8221; header_font_size_phone=&#8221;30px&#8221; header_font_size_last_edited=&#8221;on|desktop&#8221;]<\/p>\n<h1>Studeer by ons<\/h1>\n<h2>Voorgraadse programme<\/h2>\n<p>[\/et_pb_text][\/et_pb_column][et_pb_column type=&#8221;1_2&#8243; _builder_version=&#8221;3.26&#8243;][\/et_pb_column][\/et_pb_row][\/et_pb_section][et_pb_section fb_built=&#8221;1&#8243; admin_label=&#8221;Service Section&#8221; _builder_version=&#8221;3.22&#8243; custom_margin=&#8221;|||&#8221; custom_padding=&#8221;21px||21px|||&#8221;][et_pb_row use_custom_gutter=&#8221;on&#8221; gutter_width=&#8221;2&#8243; make_equal=&#8221;on&#8221; admin_label=&#8221;Services&#8221; _builder_version=&#8221;4.9.10&#8243; background_size=&#8221;initial&#8221; background_position=&#8221;top_left&#8221; background_repeat=&#8221;repeat&#8221; max_width=&#8221;80%&#8221; custom_padding=&#8221;25px||7px|||&#8221; use_custom_width=&#8221;on&#8221; width_unit=&#8221;off&#8221;][et_pb_column type=&#8221;4_4&#8243; _builder_version=&#8221;3.25&#8243; custom_padding=&#8221;|||&#8221; custom_padding__hover=&#8221;|||&#8221;][et_pb_text ul_type=&#8221;circle&#8221; ul_item_indent=&#8221;30px&#8221; _builder_version=&#8221;4.9.10&#8243; _module_preset=&#8221;default&#8221; ul_font=&#8221;||||||||&#8221; header_3_text_color=&#8221;#A60A3D&#8221;]<\/p>\n<h1>Waarom \u2019n BA-graad?<\/h1>\n<p>[\/et_pb_text][\/et_pb_column][\/et_pb_row][et_pb_row column_structure=&#8221;1_2,1_2&#8243; make_equal=&#8221;on&#8221; admin_label=&#8221;Services&#8221; _builder_version=&#8221;4.9.10&#8243; background_size=&#8221;initial&#8221; background_position=&#8221;top_left&#8221; background_repeat=&#8221;repeat&#8221; max_width=&#8221;80%&#8221; custom_margin=&#8221;-5px|auto||auto||&#8221; custom_padding=&#8221;25px||25px|&#8221; use_custom_width=&#8221;on&#8221; width_unit=&#8221;off&#8221;][et_pb_column type=&#8221;1_2&#8243; _builder_version=&#8221;3.25&#8243; custom_padding=&#8221;|||&#8221; custom_padding__hover=&#8221;|||&#8221;][et_pb_text ul_type=&#8221;circle&#8221; ul_item_indent=&#8221;30px&#8221; _builder_version=&#8221;4.9.10&#8243; _module_preset=&#8221;default&#8221; ul_font=&#8221;||||||||&#8221; header_3_text_color=&#8221;#A60A3D&#8221;]<\/p>\n<p>Om \u2019n regverdige, ontwikkelde land en w\u00eareld te bou, moet ons dit eers begryp. Wanneer ons die sosiale wetenskappe, tale en lettere bestudeer, help dit ons die menslike toestand, ons geskiedenisse, idees en verhale verstaan, en bied dit ons die denk- en kreatiewe vaardighede om ons die toekoms voor te stel.<\/p>\n<p class=\" translation-block\">Ons w\u00eareld word enersyds gekenmerk deur toenemende afhanklikheid van digitale tegnologie\u00eb, en andersyds deur wisselvallige en onvoorspelbare politiek, maatskaplike omstandighede en omgewingstoestande. In die werksw\u00eareld van die toekoms sal jy nie net <strong>data moet kan vasl\u00ea, verwerk en ontleed nie<\/strong>, maar ook <strong>krities en kreatief moet kan dink<\/strong> om probleme te verstaan en op te los. Ons het nou meer as ooit vantevore gegradueerdes nodig wat <strong>met komplekse idees kan werk<\/strong> en dit aan ander kan oordra, wat die w\u00eareld ten diepste verstaan en <strong>aanpasbaar bly<\/strong> in hulle denke en besluitneming, en wat daartoe verbind is om <strong>positiewe verandering teweeg te bring<\/strong>.<\/p>\n<p>[\/et_pb_text][\/et_pb_column][et_pb_column type=&#8221;1_2&#8243; _builder_version=&#8221;3.25&#8243; custom_padding=&#8221;|||&#8221; custom_padding__hover=&#8221;|||&#8221;][et_pb_text ul_type=&#8221;circle&#8221; ul_item_indent=&#8221;30px&#8221; _builder_version=&#8221;4.9.10&#8243; _module_preset=&#8221;default&#8221; ul_font=&#8221;||||||||&#8221; header_3_text_color=&#8221;#A60A3D&#8221;]<\/p>\n<p>\u2019n Opvoeding in die sosiale en geesteswetenskappe rus jou toe met die vaardighede om krities en kreatief oor onderling verwante probleme te besin. Jy sal leer hoe om doeltreffend in verskillende omgewings te kommunikeer en in \u2019n span te werk. Jy sal die sosiale en politieke realiteite van Suid-Afrika, Afrika en die w\u00eareld leer verstaan, terwyl jy ook die geskiedenis, tale, letterkunde, kuns, musiek en drama van ons land en vasteland \u00e9n hoe dit met die res van die w\u00eareld verband hou, ontdek.<\/p>\n<p>Deur jou blootstelling aan \u2019n wye verskeidenheid vakke en leeromgewings, sal jy sowel intellektueel as kreatief groei. \u2019n BA-graadprogram rus jou toe om \u2019n komplekse w\u00eareld te verstaan, te vorm en daarin te floreer.<\/p>\n<p>[\/et_pb_text][\/et_pb_column][\/et_pb_row][\/et_pb_section][et_pb_section fb_built=&#8221;1&#8243; admin_label=&#8221;Quote Section&#8221; _builder_version=&#8221;4.9.10&#8243; background_color=&#8221;#b79962&#8243; custom_margin=&#8221;|||&#8221; custom_padding=&#8221;40px|0px|40px|0px|true|false&#8221; animation_style=&#8221;fade&#8221; animation_direction=&#8221;bottom&#8221; animation_duration=&#8221;150ms&#8221; animation_starting_opacity=&#8221;100%&#8221; locked=&#8221;off&#8221;][et_pb_row column_structure=&#8221;1_4,3_4&#8243; admin_label=&#8221;Quote&#8221; _builder_version=&#8221;4.9.10&#8243; background_size=&#8221;initial&#8221; background_position=&#8221;top_left&#8221; background_repeat=&#8221;repeat&#8221; module_alignment=&#8221;center&#8221; custom_margin=&#8221;||0px||false|false&#8221; custom_padding=&#8221;||0px||false|false&#8221;][et_pb_column type=&#8221;1_4&#8243; _builder_version=&#8221;3.25&#8243; custom_padding=&#8221;|||&#8221; custom_padding__hover=&#8221;|||&#8221;][et_pb_image src=&#8221;https:\/\/arts.sun.ac.za\/files\/2022\/08\/education-150&#215;150.png&#8221; title_text=&#8221;education&#8221; align=&#8221;center&#8221; _builder_version=&#8221;4.9.10&#8243; _module_preset=&#8221;default&#8221; custom_margin=&#8221;0px||0px||true|false&#8221;][\/et_pb_image][et_pb_text _builder_version=&#8221;4.9.10&#8243; _module_preset=&#8221;default&#8221; header_font=&#8221;|600|||||||&#8221; header_text_color=&#8221;#FFFFFF&#8221;]<\/p>\n<h1 style=\"text-align: center\">Wat is \u2019n \u2018graadprogram\u2019?<\/h1>\n<p>[\/et_pb_text][\/et_pb_column][et_pb_column type=&#8221;3_4&#8243; _builder_version=&#8221;4.9.10&#8243; custom_padding=&#8221;|||&#8221; custom_padding__hover=&#8221;|||&#8221;][et_pb_text admin_label=&#8221;Quote&#8221; _builder_version=&#8221;4.9.10&#8243; text_font=&#8221;||||||||&#8221; text_text_color=&#8221;#FFFFFF&#8221; text_font_size=&#8221;18px&#8221; text_line_height=&#8221;1.6em&#8221; link_text_color=&#8221;#FFFFFF&#8221; header_line_height=&#8221;1.8em&#8221; header_2_text_color=&#8221;#FFFFFF&#8221; header_2_font_size=&#8221;30px&#8221; background_size=&#8221;initial&#8221; background_position=&#8221;top_left&#8221; background_repeat=&#8221;repeat&#8221; background_layout=&#8221;dark&#8221; max_width=&#8221;100%&#8221; module_alignment=&#8221;left&#8221; custom_padding=&#8221;||20px||false|false&#8221; animation_style=&#8221;zoom&#8221; animation_direction=&#8221;top&#8221;]<\/p>\n<div class=\"span12\">\n<p>\u2019n Graadprogram is \u2019n drie jaar lange studieprogram wat jy van jou eerste tot jou finale jaar volg. Nadat jy die program suksesvol voltooi het, ontvang jy jou graad. Elke graadprogram bestaan uit \u2019n groep vakke wat mekaar aanvul. In sommige graadprogramme het jy die vryheid om jou vakke te kies; in ander kies die Fakulteit namens jou.<\/p>\n<p>Ons <strong>algemene graadprogramme <\/strong>is ideaal vir studente wat nog nie op \u2019n spesifieke loopbaan besluit het nie en graag alle moontlikhede wil verken. Hierdie programme bied jou \u2019n wye verskeidenheid vakke om uit te kies.<strong>\u00a0<\/strong><\/p>\n<p>Ons <strong>gespesialiseerde graadprogramme <\/strong>is pasgemaak vir \u2019n sekere loopbaan of groep loopbane, en bied dus minder vakkeuses.<\/p>\n<\/div>\n<p>[\/et_pb_text][\/et_pb_column][\/et_pb_row][\/et_pb_section][et_pb_section fb_built=&#8221;1&#8243; admin_label=&#8221;Service Section&#8221; _builder_version=&#8221;3.22&#8243; custom_margin=&#8221;|||&#8221; custom_padding=&#8221;21px||58px|||&#8221;][et_pb_row column_structure=&#8221;3_5,2_5&#8243; make_equal=&#8221;on&#8221; admin_label=&#8221;Services&#8221; _builder_version=&#8221;4.9.10&#8243; background_size=&#8221;initial&#8221; background_position=&#8221;top_left&#8221; background_repeat=&#8221;repeat&#8221; max_width=&#8221;80%&#8221; custom_padding=&#8221;25px||5px|||&#8221; use_custom_width=&#8221;on&#8221; width_unit=&#8221;off&#8221;][et_pb_column type=&#8221;3_5&#8243; _builder_version=&#8221;3.25&#8243; custom_padding=&#8221;|||&#8221; custom_padding__hover=&#8221;|||&#8221;][et_pb_text ul_type=&#8221;circle&#8221; ul_item_indent=&#8221;30px&#8221; _builder_version=&#8221;4.9.10&#8243; _module_preset=&#8221;default&#8221; ul_font=&#8221;||||||||&#8221; header_text_color=&#8221;#FF9E1B&#8221; header_line_height=&#8221;1.6em&#8221; header_3_text_color=&#8221;#B79962&#8243; header_3_line_height=&#8221;1.8em&#8221; hover_enabled=&#8221;0&#8243; sticky_enabled=&#8221;0&#8243;]<\/p>\n<h1>Ons graadprogramme<\/h1>\n<h3>Algemene programme<\/h3>\n<ul>\n<li><a href=\"https:\/\/arts.sun.ac.za\/ba-humanities\">BA in Geesteswetenskappe<\/a><\/li>\n<li><a href=\"https:\/\/arts.sun.ac.za\/ba-language-and-culture\">BA in Taal en Kultuur<\/a><\/li>\n<\/ul>\n<h3>Gespesialiseerde programme<\/h3>\n<ul>\n<li><a href=\"https:\/\/arts.sun.ac.za\/ba-development-and-environment%20\">BA in Ontwikkeling en Omgewing<\/a><\/li>\n<li><a href=\"https:\/\/arts.sun.ac.za\/ba-drama-and-theatre-studies\">BA in Drama- en Teaterstudie<\/a><\/li>\n<li><a href=\"https:\/\/arts.sun.ac.za\/ba-human-resource-management\">BA in Menslike Hulpbronbestuur<\/a><\/li>\n<li><a href=\"https:\/\/arts.sun.ac.za\/ba-international-studies%20\">BA in Internasionale Studie<\/a><\/li>\n<li><a href=\"https:\/\/arts.sun.ac.za\/ba-law%20\">BA in Regsgeleerdheid<\/a><\/li>\n<li><a href=\"https:\/\/arts.sun.ac.za\/ba-music\">BA in Musiek<\/a><\/li>\n<li><a href=\"https:\/\/arts.sun.ac.za\/bachelor-of-music-bmus\">Baccalaureus in Musiek (BMus)<\/a><\/li>\n<li><a href=\"https:\/\/arts.sun.ac.za\/ba-ppe\">BA in Politieke, Filosofiese en Ekonomiese Studie<\/a><\/li>\n<li><a href=\"https:\/\/arts.sun.ac.za\/bachelor-of-social-work\">Baccalaureus in Maatskaplike Werk<\/a><\/li>\n<li><a href=\"https:\/\/arts.sun.ac.za\/ba-visual-arts\">BA in Visuele Kunste<\/a><\/li>\n<li><a href=\"https:\/\/arts.sun.ac.za\/ba-data-science-geoinformatics%20\">Baccalaureus in Datawetenskap<\/a><\/li>\n<\/ul>\n<p>Some of these programmes are available as extended degree programmes (EDPs). Read more about EDPs by clicking <strong><a href=\"https:\/\/arts.sun.ac.za\/extended\/\">hier meer.<\/a><\/strong>.<\/p>\n<p>Indien jy Musiek wil studeer, maar nie vir \u2019n BA in Musiek of \u2019n BMus wil inskryf nie, kan jy een van hierdie drie diplomaprogramme in die Departement Musiek oorweeg:<\/p>\n<ul>\n<li><a href=\"http:\/\/www0.sun.ac.za\/music\/undergraduate-programmes\/diploma\/diploma-in-practical-music\/\">Diploma in Praktiese Musiek<\/a><\/li>\n<li><a href=\"http:\/\/www0.sun.ac.za\/music\/undergraduate-programmes\/diploma\/advanced-diploma-in-practical-music\/\">Gevorderde Diploma in Praktiese Musiek<\/a><\/li>\n<li><a href=\"http:\/\/www0.sun.ac.za\/music\/undergraduate-programmes\/higher-certificate\/higher-certificate-in-music\/\">Ho\u00ebr Sertifikaat in Musiek<\/a><\/li>\n<\/ul>\n<p>[\/et_pb_text][\/et_pb_column][et_pb_column type=&#8221;2_5&#8243; _builder_version=&#8221;3.25&#8243; custom_padding=&#8221;|||&#8221; custom_padding__hover=&#8221;|||&#8221;][et_pb_text ul_type=&#8221;circle&#8221; ul_item_indent=&#8221;30px&#8221; _builder_version=&#8221;4.9.10&#8243; _module_preset=&#8221;default&#8221; ul_font=&#8221;||||||||&#8221; header_text_color=&#8221;#FF9E1B&#8221; header_line_height=&#8221;1.6em&#8221; header_3_text_color=&#8221;#B79962&#8243; header_3_line_height=&#8221;1.8em&#8221; custom_margin=&#8221;15px||38px|||&#8221; hover_enabled=&#8221;0&#8243; sticky_enabled=&#8221;0&#8243;]<\/p>\n<h2>Ek wil meer uitvind oor die Fakulteit se graadprogramme<\/h2>\n<p>Vir verdere inligting oor ons graadprogramme, klik <strong><a href=\"http:\/\/www.sun.ac.za\/afrikaans\/maties\/Pages\/WhatCanIStudy-Undergraduate2.aspx\" target=\"_blank\" rel=\"noopener\">hier<\/a><\/strong> om na Deel 4 van die Universiteit se Jaarboek te gaan. Daar sal jy al die besonderhede oor graadprogramme en vakke kry.<\/p>\n<p>Vir algemene vrae oor studie in die Fakulteit, of vrae wat die Jaarboek nie beantwoord nie, kontak gerus die <strong>Universiteit se Kli\u00ebntedienssentrum<\/strong> by <strong>021 808 9111<\/strong> of <strong><a href=\"mailto:info@sun.ac.za\">info@sun.ac.za<\/a><\/strong>. Die sentrum-agente sal jou graag bystaan of jou vraag na die regte persoon verwys.<\/p>\n<p>[\/et_pb_text][et_pb_text ul_type=&#8221;circle&#8221; ul_item_indent=&#8221;30px&#8221; _builder_version=&#8221;4.9.10&#8243; _module_preset=&#8221;default&#8221; ul_font=&#8221;||||||||&#8221; header_text_color=&#8221;#FF9E1B&#8221; header_line_height=&#8221;1.6em&#8221; header_3_text_color=&#8221;#B79962&#8243; header_3_line_height=&#8221;1.8em&#8221; custom_margin=&#8221;||49px|||&#8221; hover_enabled=&#8221;0&#8243; sticky_enabled=&#8221;0&#8243;]<\/p>\n<h2>Ek wil iets anders vra<\/h2>\n<p>As jy vrae het oor registrasie, jou studie in die algemeen, huisvesting of ander belangrike studentesake, klik <a href=\"https:\/\/www.sun.ac.za\/english\/maties\/Pages\/default.aspx\" target=\"_blank\" rel=\"noopener\">hier<\/a> vir antwoorde.<\/p>\n<p>[\/et_pb_text][et_pb_text ul_type=&#8221;circle&#8221; ul_item_indent=&#8221;30px&#8221; _builder_version=&#8221;4.9.10&#8243; _module_preset=&#8221;default&#8221; ul_font=&#8221;||||||||&#8221; header_text_color=&#8221;#FF9E1B&#8221; header_line_height=&#8221;1.6em&#8221; header_3_text_color=&#8221;#B79962&#8243; header_3_line_height=&#8221;1.8em&#8221; hover_enabled=&#8221;0&#8243; sticky_enabled=&#8221;0&#8243;]<\/p>\n<h2>Internasionale studente<\/h2>\n<p>Indien jy \u2019n internasionale student is wat daarin belang stel om by Lettere en Sosiale Wetenskappe te studeer, kontak<strong> <a href=\"http:\/\/www.sun.ac.za\/english\/SUinternational\" target=\"_blank\" rel=\"noopener\">US Internasionaal<\/a><\/strong> om uit te vind watter moontlikhede daar is en wat jy moet doen om by ons in te skryf.<\/p>\n<p>[\/et_pb_text][\/et_pb_column][\/et_pb_row][\/et_pb_section]<\/p>","protected":false},"excerpt":{"rendered":"<p>Study with us Undergraduate degreesWhy a BA Degree?To build a just, developed country and world, we must first understand it. Studying the social sciences, languages and arts allows us to make sense of the human condition, of our histories, ideas, and stories, and it gives us the thinking and creative tools to envision the future. [&hellip;]<\/p>","protected":false},"author":11016,"featured_media":0,"parent":0,"menu_order":0,"comment_status":"closed","ping_status":"closed","template":"","meta":{"_et_pb_use_builder":"on","_et_pb_old_content":"","_et_gb_content_width":"","_exactmetrics_skip_tracking":false,"_exactmetrics_sitenote_active":false,"_exactmetrics_sitenote_note":"","_exactmetrics_sitenote_category":0,"footnotes":""},"class_list":["post-266","page","type-page","status-publish","hentry"],"aioseo_notices":[],"_links":{"self":[{"href":"https:\/\/arts.sun.ac.za\/af\/wp-json\/wp\/v2\/pages\/266","targetHints":{"allow":["GET"]}}],"collection":[{"href":"https:\/\/arts.sun.ac.za\/af\/wp-json\/wp\/v2\/pages"}],"about":[{"href":"https:\/\/arts.sun.ac.za\/af\/wp-json\/wp\/v2\/types\/page"}],"author":[{"embeddable":true,"href":"https:\/\/arts.sun.ac.za\/af\/wp-json\/wp\/v2\/users\/11016"}],"replies":[{"embeddable":true,"href":"https:\/\/arts.sun.ac.za\/af\/wp-json\/wp\/v2\/comments?post=266"}],"version-history":[{"count":28,"href":"https:\/\/arts.sun.ac.za\/af\/wp-json\/wp\/v2\/pages\/266\/revisions"}],"predecessor-version":[{"id":10251,"href":"https:\/\/arts.sun.ac.za\/af\/wp-json\/wp\/v2\/pages\/266\/revisions\/10251"}],"wp:attachment":[{"href":"https:\/\/arts.sun.ac.za\/af\/wp-json\/wp\/v2\/media?parent=266"}],"curies":[{"name":"wp","href":"https:\/\/api.w.org\/{rel}","templated":true}]}}